{"id":176,"date":"2026-04-29T08:18:38","date_gmt":"2026-04-29T08:18:38","guid":{"rendered":"https:\/\/dr-m-peters.de\/apotheke\/?post_type=product&#038;p=176"},"modified":"2026-04-29T08:21:04","modified_gmt":"2026-04-29T08:21:04","slug":"fungexin-bewertungen-warnungen-erfahrungen-nebenwirkungen-wirkt-es","status":"publish","type":"product","link":"https:\/\/dr-m-peters.de\/apotheke\/product\/fungexin-bewertungen-warnungen-erfahrungen-nebenwirkungen-wirkt-es\/","title":{"rendered":"Fungexin Bewertungen {Warnungen}: Erfahrungen, Nebenwirkungen \u2013 Wirkt es?"},"content":{"rendered":"<h2><strong>Fungexin Bewertungen<\/strong><\/h2>\n<section class=\"text-token-text-primary w-full focus:outline-none [--shadow-height:45px] has-data-writing-block:pointer-events-none has-data-writing-block:-mt-(--shadow-height) has-data-writing-block:pt-(--shadow-height) [&amp;:has([data-writing-block])&gt;*]:pointer-events-auto [content-visibility:auto] supports-[content-visibility:auto]:[contain-intrinsic-size:auto_100lvh] R6Vx5W_threadScrollVars scroll-mb-[calc(var(--scroll-root-safe-area-inset-bottom,0px)+var(--thread-response-height))] scroll-mt-[calc(var(--header-height)+min(200px,max(70px,20svh)))]\" dir=\"auto\" data-turn-id=\"request-WEB:a7814d11-6b4a-45e1-a5b7-111c505c3317-39\" data-testid=\"conversation-turn-26\" data-scroll-anchor=\"false\" data-turn=\"assistant\">\n<div class=\"text-base my-auto mx-auto pb-10 [--thread-content-margin:var(--thread-content-margin-xs,calc(var(--spacing)*4))] @w-sm\/main:[--thread-content-margin:var(--thread-content-margin-sm,calc(var(--spacing)*6))] @w-lg\/main:[--thread-content-margin:var(--thread-content-margin-lg,calc(var(--spacing)*16))] px-(--thread-content-margin)\">\n<div class=\"[--thread-content-max-width:40rem] @w-lg\/main:[--thread-content-max-width:48rem] mx-auto max-w-(--thread-content-max-width) flex-1 group\/turn-messages focus-visible:outline-hidden relative flex w-full min-w-0 flex-col agent-turn\">\n<div class=\"flex max-w-full flex-col gap-4 grow AIPRM__conversation__response sm:AIPRM__conversation__response AIPRM__relative\">\n<div class=\"min-h-8 text-message relative flex w-full flex-col items-end gap-2 text-start break-words whitespace-normal outline-none keyboard-focused:focus-ring [.text-message+&amp;]:mt-1\" dir=\"auto\" tabindex=\"0\" data-message-author-role=\"assistant\" data-message-id=\"dba027fe-dd73-4ede-90c9-0dfe01d5cc29\" data-message-model-slug=\"gpt-5-3\" data-turn-start-message=\"true\">\n<div class=\"flex w-full flex-col gap-1 empty:hidden\">\n<div class=\"markdown prose dark:prose-invert w-full wrap-break-word light markdown-new-styling\">\n<p data-start=\"0\" data-end=\"301\">Fungexin ist ein schnell einziehendes Gel zur \u00e4u\u00dferen Anwendung. Es wurde speziell entwickelt, um N\u00e4gel zu pflegen, die durch Pilzprobleme ver\u00e4ndert sind. Das Gel wird direkt auf die betroffenen N\u00e4gel aufgetragen. Es hilft, das Aussehen der N\u00e4gel zu verbessern und unterst\u00fctzt ein gesundes Wachstum.<\/p>\n<p data-start=\"303\" data-end=\"602\">Durch seine leichte Gel-Form kann es gut in den Nagel eindringen. Viele normale Produkte wirken nur auf der Oberfl\u00e4che, aber dieses Gel geht tiefer. Im Alltag werden N\u00e4gel oft durch Schuhe, Feuchtigkeit oder Druck belastet. Fungexin bietet eine einfache L\u00f6sung f\u00fcr die regelm\u00e4\u00dfige Pflege zu Hause.<\/p>\n<hr data-start=\"604\" data-end=\"607\" \/>\n<p data-start=\"609\" data-end=\"725\"><strong data-start=\"609\" data-end=\"642\">Wann wird Fungexin verwendet?<\/strong><br data-start=\"642\" data-end=\"645\" \/>Fungexin wird genutzt, wenn N\u00e4gel ver\u00e4ndert aussehen und mehr Pflege brauchen.<\/p>\n<p data-start=\"727\" data-end=\"755\">Typische Situationen sind:<\/p>\n<ul data-start=\"756\" data-end=\"980\">\n<li data-section-id=\"g013w2\" data-start=\"756\" data-end=\"786\">Verf\u00e4rbte oder dicke N\u00e4gel<\/li>\n<li data-section-id=\"qlx6oe\" data-start=\"787\" data-end=\"818\">Br\u00fcchige oder unebene N\u00e4gel<\/li>\n<li data-section-id=\"o85lf0\" data-start=\"819\" data-end=\"893\">Pflege nach Feuchtigkeit (z. B. Schwimmen, Sport, geschlossene Schuhe)<\/li>\n<li data-section-id=\"1e4e7j0\" data-start=\"894\" data-end=\"939\">Unterst\u00fctzung bei schwacher Nagelstruktur<\/li>\n<li data-section-id=\"wmdpeu\" data-start=\"940\" data-end=\"980\">Vorbeugende Pflege f\u00fcr gesunde N\u00e4gel<\/li>\n<\/ul>\n<p data-start=\"982\" data-end=\"1115\">Im Alltag nutzen viele Menschen das Gel, wenn sie oft geschlossene Schuhe tragen, Sport machen oder Wert auf gepflegte N\u00e4gel legen.<\/p>\n<hr data-start=\"1117\" data-end=\"1120\" \/>\n<p data-start=\"1122\" data-end=\"1158\"><strong data-start=\"1122\" data-end=\"1156\">F\u00fcr wen ist Fungexin geeignet?<\/strong><\/p>\n<p data-start=\"1160\" data-end=\"1270\"><strong data-start=\"1160\" data-end=\"1186\">Berufst\u00e4tige Personen:<\/strong><br data-start=\"1186\" data-end=\"1189\" \/>Menschen, die lange Zeit geschlossene Schuhe tragen und gepflegte F\u00fc\u00dfe m\u00f6chten.<\/p>\n<p data-start=\"1272\" data-end=\"1399\"><strong data-start=\"1272\" data-end=\"1302\">Sportlich aktive Menschen:<\/strong><br data-start=\"1302\" data-end=\"1305\" \/>L\u00e4ufer, Fitness-Fans oder Schwimmer, deren N\u00e4gel oft Feuchtigkeit und Druck ausgesetzt sind.<\/p>\n<p data-start=\"1401\" data-end=\"1492\"><strong data-start=\"1401\" data-end=\"1429\">Pflegebewusste Menschen:<\/strong><br data-start=\"1429\" data-end=\"1432\" \/>Personen, die ihre N\u00e4gel sauber und gesund halten m\u00f6chten.<\/p>\n<p data-start=\"1494\" data-end=\"1601\"><strong data-start=\"1494\" data-end=\"1515\">Saisonale Nutzer:<\/strong><br data-start=\"1515\" data-end=\"1518\" \/>Besonders im Sommer oder Winter, wenn Schuhe und Feuchtigkeit die N\u00e4gel belasten.<\/p>\n<p data-start=\"1603\" data-end=\"1715\"><strong data-start=\"1603\" data-end=\"1628\">Vorsorgende Anwender:<\/strong><br data-start=\"1628\" data-end=\"1631\" \/>Menschen, die fr\u00fch auf Ver\u00e4nderungen reagieren wollen, bevor sie schlimmer werden.<\/p>\n<p data-start=\"1717\" data-end=\"1806\" data-is-last-node=\"\" data-is-only-node=\"\">Diese einfachen Beispiele helfen zu erkennen, ob Fungexin gut in die eigene Pflege passt.<\/p>\n<section class=\"text-token-text-primary w-full focus:outline-none [--shadow-height:45px] has-data-writing-block:pointer-events-none has-data-writing-block:-mt-(--shadow-height) has-data-writing-block:pt-(--shadow-height) [&amp;:has([data-writing-block])&gt;*]:pointer-events-auto [content-visibility:auto] supports-[content-visibility:auto]:[contain-intrinsic-size:auto_100lvh] R6Vx5W_threadScrollVars scroll-mb-[calc(var(--scroll-root-safe-area-inset-bottom,0px)+var(--thread-response-height))] scroll-mt-[calc(var(--header-height)+min(200px,max(70px,20svh)))]\" dir=\"auto\" data-turn-id=\"request-WEB:a7814d11-6b4a-45e1-a5b7-111c505c3317-40\" data-testid=\"conversation-turn-28\" data-scroll-anchor=\"false\" data-turn=\"assistant\">\n<div class=\"text-base my-auto mx-auto pb-10 [--thread-content-margin:var(--thread-content-margin-xs,calc(var(--spacing)*4))] @w-sm\/main:[--thread-content-margin:var(--thread-content-margin-sm,calc(var(--spacing)*6))] @w-lg\/main:[--thread-content-margin:var(--thread-content-margin-lg,calc(var(--spacing)*16))] px-(--thread-content-margin)\">\n<div class=\"[--thread-content-max-width:40rem] @w-lg\/main:[--thread-content-max-width:48rem] mx-auto max-w-(--thread-content-max-width) flex-1 group\/turn-messages focus-visible:outline-hidden relative flex w-full min-w-0 flex-col agent-turn\">\n<div class=\"flex max-w-full flex-col gap-4 grow AIPRM__conversation__response sm:AIPRM__conversation__response AIPRM__relative\">\n<div class=\"min-h-8 text-message relative flex w-full flex-col items-end gap-2 text-start break-words whitespace-normal outline-none keyboard-focused:focus-ring [.text-message+&amp;]:mt-1\" dir=\"auto\" tabindex=\"0\" data-message-author-role=\"assistant\" data-message-id=\"6b524e4f-4c6c-4028-8fff-64841a2210d4\" data-message-model-slug=\"gpt-5-3\" data-turn-start-message=\"true\">\n<div class=\"flex w-full flex-col gap-1 empty:hidden\">\n<div class=\"markdown prose dark:prose-invert w-full wrap-break-word light markdown-new-styling\">\n<p data-start=\"0\" data-end=\"116\"><strong data-start=\"0\" data-end=\"32\">Zusammensetzung von Fungexin<\/strong><br data-start=\"32\" data-end=\"35\" \/>Die Formel von Fungexin enth\u00e4lt pflanzliche Stoffe und pflegende Inhaltsstoffe:<\/p>\n<ul data-start=\"118\" data-end=\"521\">\n<li data-section-id=\"15vdixh\" data-start=\"118\" data-end=\"182\"><strong data-start=\"120\" data-end=\"131\">Wasser:<\/strong> Basis f\u00fcr ein leichtes Gel, das schnell einzieht<\/li>\n<li data-section-id=\"1c4uyhm\" data-start=\"183\" data-end=\"251\"><strong data-start=\"185\" data-end=\"207\">Agastache-Extrakt:<\/strong> Pflanze, die die Haut beruhigt und pflegt<\/li>\n<li data-section-id=\"1tsghpl\" data-start=\"252\" data-end=\"328\"><strong data-start=\"254\" data-end=\"277\">Astragalus-Extrakt:<\/strong> Unterst\u00fctzt die Regeneration von Haut und N\u00e4geln<\/li>\n<li data-section-id=\"kp82y3\" data-start=\"329\" data-end=\"384\"><strong data-start=\"331\" data-end=\"343\">Menthol:<\/strong> Gibt ein k\u00fchlendes und frisches Gef\u00fchl<\/li>\n<li data-section-id=\"1kei6zu\" data-start=\"385\" data-end=\"443\"><strong data-start=\"387\" data-end=\"398\">Thymol:<\/strong> Pflanzlicher Stoff mit reinigender Wirkung<\/li>\n<li data-section-id=\"pfuzb6\" data-start=\"444\" data-end=\"521\"><strong data-start=\"446\" data-end=\"460\">Rizinus\u00f6l:<\/strong> Pflegt intensiv, macht die Haut weich und st\u00e4rkt die N\u00e4gel<\/li>\n<\/ul>\n<p data-start=\"523\" data-end=\"595\">Diese Mischung hilft, N\u00e4gel und Haut rund um die N\u00e4gel gut zu pflegen.<\/p>\n<hr data-start=\"597\" data-end=\"600\" \/>\n<p data-start=\"602\" data-end=\"772\"><strong data-start=\"602\" data-end=\"628\">Wirkweise von Fungexin<\/strong><br data-start=\"628\" data-end=\"631\" \/>Fungexin kann schnell in die Nageloberfl\u00e4che eindringen. Die leichte Gel-Form verteilt sich gut und erreicht auch kleine Bereiche am Nagel.<\/p>\n<p data-start=\"774\" data-end=\"910\">Die pflanzlichen Inhaltsstoffe helfen, die N\u00e4gel zu reinigen und zu pflegen. Gleichzeitig wirkt die Oberfl\u00e4che glatter und gepflegter.<\/p>\n<p data-start=\"912\" data-end=\"1114\">Im Alltag bedeutet das: Nach dem Auftragen bleibt kein fettiger Film zur\u00fcck. Die Haut f\u00fchlt sich leicht und angenehm an. Viele Nutzer sagen, dass ihre N\u00e4gel mit der Zeit glatter und sauberer aussehen.<\/p>\n<hr data-start=\"1116\" data-end=\"1119\" \/>\n<p data-start=\"1121\" data-end=\"1228\"><strong data-start=\"1121\" data-end=\"1161\">Anwendung und Dosierung von Fungexin<\/strong><br data-start=\"1161\" data-end=\"1164\" \/>F\u00fcr gute Ergebnisse sollte Fungexin regelm\u00e4\u00dfig benutzt werden:<\/p>\n<ul data-start=\"1230\" data-end=\"1427\">\n<li data-section-id=\"18r1gm8\" data-start=\"1230\" data-end=\"1268\">2-mal t\u00e4glich (morgens und abends)<\/li>\n<li data-section-id=\"1rwwnjk\" data-start=\"1269\" data-end=\"1311\">N\u00e4gel vorher reinigen und gut trocknen<\/li>\n<li data-section-id=\"laape2\" data-start=\"1312\" data-end=\"1372\">Kleine Menge Gel auf Nagel und umliegende Haut auftragen<\/li>\n<li data-section-id=\"1s3zy7s\" data-start=\"1373\" data-end=\"1427\">Sanft einmassieren, bis es komplett eingezogen ist<\/li>\n<\/ul>\n<p data-start=\"1429\" data-end=\"1613\" data-is-last-node=\"\" data-is-only-node=\"\">Meist wird empfohlen, das Gel mindestens 4 bis 6 Wochen zu verwenden. So kann sich das Aussehen der N\u00e4gel verbessern. Bei st\u00e4rkeren Problemen kann eine l\u00e4ngere Anwendung sinnvoll sein.<\/p>\n<section class=\"text-token-text-primary w-full focus:outline-none [--shadow-height:45px] has-data-writing-block:pointer-events-none has-data-writing-block:-mt-(--shadow-height) has-data-writing-block:pt-(--shadow-height) [&amp;:has([data-writing-block])&gt;*]:pointer-events-auto [content-visibility:auto] supports-[content-visibility:auto]:[contain-intrinsic-size:auto_100lvh] R6Vx5W_threadScrollVars scroll-mb-[calc(var(--scroll-root-safe-area-inset-bottom,0px)+var(--thread-response-height))] scroll-mt-[calc(var(--header-height)+min(200px,max(70px,20svh)))]\" dir=\"auto\" data-turn-id=\"request-WEB:a7814d11-6b4a-45e1-a5b7-111c505c3317-41\" data-testid=\"conversation-turn-30\" data-scroll-anchor=\"false\" data-turn=\"assistant\">\n<div class=\"text-base my-auto mx-auto pb-10 [--thread-content-margin:var(--thread-content-margin-xs,calc(var(--spacing)*4))] @w-sm\/main:[--thread-content-margin:var(--thread-content-margin-sm,calc(var(--spacing)*6))] @w-lg\/main:[--thread-content-margin:var(--thread-content-margin-lg,calc(var(--spacing)*16))] px-(--thread-content-margin)\">\n<div class=\"[--thread-content-max-width:40rem] @w-lg\/main:[--thread-content-max-width:48rem] mx-auto max-w-(--thread-content-max-width) flex-1 group\/turn-messages focus-visible:outline-hidden relative flex w-full min-w-0 flex-col agent-turn\">\n<div class=\"flex max-w-full flex-col gap-4 grow AIPRM__conversation__response sm:AIPRM__conversation__response AIPRM__relative\">\n<div class=\"min-h-8 text-message relative flex w-full flex-col items-end gap-2 text-start break-words whitespace-normal outline-none keyboard-focused:focus-ring [.text-message+&amp;]:mt-1\" dir=\"auto\" tabindex=\"0\" data-message-author-role=\"assistant\" data-message-id=\"0c869cc8-cb93-4457-b9af-4c99134d4a16\" data-message-model-slug=\"gpt-5-3\" data-turn-start-message=\"true\">\n<div class=\"flex w-full flex-col gap-1 empty:hidden\">\n<div class=\"markdown prose dark:prose-invert w-full wrap-break-word light markdown-new-styling\">\n<p data-start=\"0\" data-end=\"108\"><strong data-start=\"0\" data-end=\"40\">Gegenanzeigen und Vorsichtsma\u00dfnahmen<\/strong><br data-start=\"40\" data-end=\"43\" \/>Fungexin ist nur zur \u00e4u\u00dferen Anwendung gedacht. Bitte beachten:<\/p>\n<ul data-start=\"110\" data-end=\"362\">\n<li data-section-id=\"sacnjp\" data-start=\"110\" data-end=\"182\">Nicht verwenden, wenn eine Allergie gegen einen Inhaltsstoff besteht<\/li>\n<li data-section-id=\"q3vj43\" data-start=\"183\" data-end=\"232\">Kontakt mit Augen und Schleimh\u00e4uten vermeiden<\/li>\n<li data-section-id=\"v5wllx\" data-start=\"233\" data-end=\"295\">Nicht auf offene Wunden oder stark gereizte Haut auftragen<\/li>\n<li data-section-id=\"gy4nzw\" data-start=\"296\" data-end=\"362\">Bei anhaltenden oder schlimmeren Beschwerden einen Arzt fragen<\/li>\n<\/ul>\n<p data-start=\"364\" data-end=\"452\">Eine regelm\u00e4\u00dfige und richtige Anwendung hilft, die beste Vertr\u00e4glichkeit zu erreichen.<\/p>\n<hr data-start=\"454\" data-end=\"457\" \/>\n<p data-start=\"459\" data-end=\"603\"><strong data-start=\"459\" data-end=\"505\">Nebenwirkungen und unerw\u00fcnschte Reaktionen<\/strong><br data-start=\"505\" data-end=\"508\" \/>Fungexin wird meist gut vertragen. In seltenen F\u00e4llen kann es zu folgenden Reaktionen kommen:<\/p>\n<ul data-start=\"605\" data-end=\"754\">\n<li data-section-id=\"1sfzgw7\" data-start=\"605\" data-end=\"651\">Leichte Hautreizungen im Anwendungsbereich<\/li>\n<li data-section-id=\"1nmo0u8\" data-start=\"652\" data-end=\"704\">Kurzzeitiges Brennen oder Kribbeln durch Menthol<\/li>\n<li data-section-id=\"ia5eyt\" data-start=\"705\" data-end=\"754\">Allergische Reaktionen bei empfindlicher Haut<\/li>\n<\/ul>\n<p data-start=\"756\" data-end=\"940\">Diese Reaktionen sind in der Regel mild und verschwinden schnell nach dem Absetzen oder bei angepasster Anwendung. Bei empfindlicher Haut sollte man langsam mit der Nutzung beginnen.<\/p>\n<hr data-start=\"942\" data-end=\"945\" \/>\n<p data-start=\"947\" data-end=\"1115\"><strong data-start=\"947\" data-end=\"984\">Wirkung und Vorteile von Fungexin<\/strong><br data-start=\"984\" data-end=\"987\" \/>Viele Anwender nutzen Fungexin, um ihre N\u00e4gel besser zu pflegen und ihr Aussehen zu verbessern. H\u00e4ufig genannte Vorteile sind:<\/p>\n<ul data-start=\"1117\" data-end=\"1331\">\n<li data-section-id=\"67337b\" data-start=\"1117\" data-end=\"1151\">Gepflegtere und glattere N\u00e4gel<\/li>\n<li data-section-id=\"hnab89\" data-start=\"1152\" data-end=\"1199\">Weniger sichtbare Verf\u00e4rbungen mit der Zeit<\/li>\n<li data-section-id=\"zp50qw\" data-start=\"1200\" data-end=\"1251\">Verbesserte Nagelstruktur und mehr Flexibilit\u00e4t<\/li>\n<li data-section-id=\"eum1y3\" data-start=\"1252\" data-end=\"1298\">K\u00fchlendes und frisches Gef\u00fchl auf der Haut<\/li>\n<li data-section-id=\"1prpy1r\" data-start=\"1299\" data-end=\"1331\">Einfache Anwendung im Alltag<\/li>\n<\/ul>\n<p data-start=\"1333\" data-end=\"1532\" data-is-last-node=\"\" data-is-only-node=\"\">Im Alltag bedeutet das: Bei regelm\u00e4\u00dfiger Nutzung sehen die N\u00e4gel oft ges\u00fcnder aus und f\u00fchlen sich besser an. Besonders bei Belastung durch Schuhe, Sport oder Feuchtigkeit kann das Gel hilfreich sein.<\/p>\n<section class=\"text-token-text-primary w-full focus:outline-none [--shadow-height:45px] has-data-writing-block:pointer-events-none has-data-writing-block:-mt-(--shadow-height) has-data-writing-block:pt-(--shadow-height) [&amp;:has([data-writing-block])&gt;*]:pointer-events-auto [content-visibility:auto] supports-[content-visibility:auto]:[contain-intrinsic-size:auto_100lvh] R6Vx5W_threadScrollVars scroll-mb-[calc(var(--scroll-root-safe-area-inset-bottom,0px)+var(--thread-response-height))] scroll-mt-[calc(var(--header-height)+min(200px,max(70px,20svh)))]\" dir=\"auto\" data-turn-id=\"request-WEB:a7814d11-6b4a-45e1-a5b7-111c505c3317-42\" data-testid=\"conversation-turn-32\" data-scroll-anchor=\"false\" data-turn=\"assistant\">\n<div class=\"text-base my-auto mx-auto pb-10 [--thread-content-margin:var(--thread-content-margin-xs,calc(var(--spacing)*4))] @w-sm\/main:[--thread-content-margin:var(--thread-content-margin-sm,calc(var(--spacing)*6))] @w-lg\/main:[--thread-content-margin:var(--thread-content-margin-lg,calc(var(--spacing)*16))] px-(--thread-content-margin)\">\n<div class=\"[--thread-content-max-width:40rem] @w-lg\/main:[--thread-content-max-width:48rem] mx-auto max-w-(--thread-content-max-width) flex-1 group\/turn-messages focus-visible:outline-hidden relative flex w-full min-w-0 flex-col agent-turn\">\n<div class=\"flex max-w-full flex-col gap-4 grow AIPRM__conversation__response sm:AIPRM__conversation__response AIPRM__relative\">\n<div class=\"min-h-8 text-message relative flex w-full flex-col items-end gap-2 text-start break-words whitespace-normal outline-none keyboard-focused:focus-ring [.text-message+&amp;]:mt-1\" dir=\"auto\" tabindex=\"0\" data-message-author-role=\"assistant\" data-message-id=\"97a588f7-3401-4f4c-93da-befdac4933f1\" data-message-model-slug=\"gpt-5-3\" data-turn-start-message=\"true\">\n<div class=\"flex w-full flex-col gap-1 empty:hidden\">\n<div class=\"markdown prose dark:prose-invert w-full wrap-break-word light markdown-new-styling\">\n<p data-start=\"0\" data-end=\"127\"><strong data-start=\"0\" data-end=\"50\">Bewertungen und Erfahrungsberichte zu Fungexin<\/strong><br data-start=\"50\" data-end=\"53\" \/>Viele Anwender berichten von guten Erfahrungen bei regelm\u00e4\u00dfiger Nutzung:<\/p>\n<p data-start=\"129\" data-end=\"398\">\u201eMeine N\u00e4gel sehen nach ein paar Wochen viel gepflegter aus.\u201c<br data-start=\"190\" data-end=\"193\" \/>\u201eDas Gel zieht schnell ein und ist im Alltag sehr angenehm.\u201c<br data-start=\"253\" data-end=\"256\" \/>\u201eIch benutze es nach dem Sport, um meine N\u00e4gel zu pflegen und zu sch\u00fctzen.\u201c<br data-start=\"331\" data-end=\"334\" \/>\u201eMir gef\u00e4llt besonders das frische Gef\u00fchl nach dem Auftragen.\u201c<\/p>\n<p data-start=\"400\" data-end=\"538\">Diese R\u00fcckmeldungen zeigen, dass Fungexin vor allem wegen der einfachen Anwendung und der schnellen Aufnahme in die Haut gesch\u00e4tzt wird.<\/p>\n<hr data-start=\"540\" data-end=\"543\" \/>\n<p data-start=\"545\" data-end=\"651\"><strong data-start=\"545\" data-end=\"570\">Lagerung von Fungexin<\/strong><br data-start=\"570\" data-end=\"573\" \/>Damit die Qualit\u00e4t erhalten bleibt, sollte Fungexin richtig gelagert werden:<\/p>\n<ul data-start=\"653\" data-end=\"880\">\n<li data-section-id=\"13e6vne\" data-start=\"653\" data-end=\"699\">Bei Raumtemperatur unter 25 \u00b0C aufbewahren<\/li>\n<li data-section-id=\"xzvr8i\" data-start=\"700\" data-end=\"737\">Vor direktem Sonnenlicht sch\u00fctzen<\/li>\n<li data-section-id=\"1ge4hxn\" data-start=\"738\" data-end=\"772\">Flasche immer gut verschlie\u00dfen<\/li>\n<li data-section-id=\"3vlgyy\" data-start=\"773\" data-end=\"820\">Au\u00dferhalb der Reichweite von Kindern lagern<\/li>\n<li data-section-id=\"fqecch\" data-start=\"821\" data-end=\"880\">Nach Ablauf des Haltbarkeitsdatums nicht mehr verwenden<\/li>\n<\/ul>\n<p data-start=\"882\" data-end=\"965\" data-is-last-node=\"\" data-is-only-node=\"\">Die richtige Lagerung hilft, die Wirkung und Konsistenz des Gels lange zu erhalten.<\/p>\n<\/div>\n<\/div>\n<\/div>\n<\/div>\n<\/div>\n<\/div>\n<\/section>\n<\/div>\n<\/div>\n<\/div>\n<\/div>\n<\/div>\n<\/div>\n<\/section>\n<\/div>\n<\/div>\n<\/div>\n<\/div>\n<\/div>\n<\/div>\n<\/section>\n<\/div>\n<\/div>\n<\/div>\n<\/div>\n<\/div>\n<\/div>\n<\/section>\n","protected":false},"excerpt":{"rendered":"<p>Fungexin Bewertungen Fungexin ist ein schnell einziehendes Gel zur \u00e4u\u00dferen Anwendung. Es wurde speziell entwickelt, um N\u00e4gel zu pflegen, die durch Pilzprobleme ver\u00e4ndert sind. Das Gel wird direkt auf die betroffenen N\u00e4gel aufgetragen. Es hilft, das Aussehen der N\u00e4gel zu verbessern und unterst\u00fctzt ein gesundes Wachstum. Durch seine leichte Gel-Form kann es gut in den &#8230; <a title=\"Fungexin Bewertungen {Warnungen}: Erfahrungen, Nebenwirkungen \u2013 Wirkt es?\" class=\"read-more\" href=\"https:\/\/dr-m-peters.de\/apotheke\/product\/fungexin-bewertungen-warnungen-erfahrungen-nebenwirkungen-wirkt-es\/\" aria-label=\"Mehr Informationen \u00fcber Fungexin Bewertungen {Warnungen}: Erfahrungen, Nebenwirkungen \u2013 Wirkt es?\">Weiterlesen<\/a><\/p>\n","protected":false},"featured_media":177,"comment_status":"open","ping_status":"closed","template":"","meta":[],"product_brand":[],"product_cat":[20],"product_tag":[],"class_list":{"0":"post-176","1":"product","2":"type-product","3":"status-publish","4":"has-post-thumbnail","6":"product_cat-gesundheit","8":"first","9":"instock","10":"shipping-taxable","11":"product-type-simple"},"_links":{"self":[{"href":"https:\/\/dr-m-peters.de\/apotheke\/wp-json\/wp\/v2\/product\/176","targetHints":{"allow":["GET"]}}],"collection":[{"href":"https:\/\/dr-m-peters.de\/apotheke\/wp-json\/wp\/v2\/product"}],"about":[{"href":"https:\/\/dr-m-peters.de\/apotheke\/wp-json\/wp\/v2\/types\/product"}],"replies":[{"embeddable":true,"href":"https:\/\/dr-m-peters.de\/apotheke\/wp-json\/wp\/v2\/comments?post=176"}],"wp:featuredmedia":[{"embeddable":true,"href":"https:\/\/dr-m-peters.de\/apotheke\/wp-json\/wp\/v2\/media\/177"}],"wp:attachment":[{"href":"https:\/\/dr-m-peters.de\/apotheke\/wp-json\/wp\/v2\/media?parent=176"}],"wp:term":[{"taxonomy":"product_brand","embeddable":true,"href":"https:\/\/dr-m-peters.de\/apotheke\/wp-json\/wp\/v2\/product_brand?post=176"},{"taxonomy":"product_cat","embeddable":true,"href":"https:\/\/dr-m-peters.de\/apotheke\/wp-json\/wp\/v2\/product_cat?post=176"},{"taxonomy":"product_tag","embeddable":true,"href":"https:\/\/dr-m-peters.de\/apotheke\/wp-json\/wp\/v2\/product_tag?post=176"}],"curies":[{"name":"wp","href":"https:\/\/api.w.org\/{rel}","templated":true}]}}