{"id":172,"date":"2026-04-19T15:50:23","date_gmt":"2026-04-19T15:50:23","guid":{"rendered":"https:\/\/dr-m-peters.de\/apotheke\/?post_type=product&#038;p=172"},"modified":"2026-04-19T16:00:15","modified_gmt":"2026-04-19T16:00:15","slug":"virile-force-bewertungen-warnungen-erfahrungen-nebenwirkungen-wirkt-es","status":"publish","type":"product","link":"https:\/\/dr-m-peters.de\/apotheke\/product\/virile-force-bewertungen-warnungen-erfahrungen-nebenwirkungen-wirkt-es\/","title":{"rendered":"Virile Force Bewertungen {Warnungen}: Erfahrungen, Nebenwirkungen \u2013 Wirkt es?"},"content":{"rendered":"<p data-start=\"1208\" data-end=\"1732\"><\/p>\r\n<h2 class=\"wp-block-heading\"><strong>Virile Force Bewertungen\u00a0<\/strong><\/h2>\r\n<p data-start=\"1208\" data-end=\"1732\">Virile Force ist ein Nahrungserg\u00e4nzungsmittel in Form von Kapseln f\u00fcr M\u00e4nner. Es unterst\u00fctzt die sexuelle Gesundheit und das allgemeine Wohlbefinden. Das Produkt kann den Testosteronspiegel auf nat\u00fcrliche Weise f\u00f6rdern. Es hilft auch, die Libido zu steigern und die Durchblutung zu verbessern. Viele Anwender f\u00fchlen sich dadurch energiereicher im Alltag. Zudem kann es die k\u00f6rperliche Kraft und das Selbstvertrauen st\u00e4rken. Virile Force ist eine einfache M\u00f6glichkeit, um mehr Energie, St\u00e4rke und Lebensqualit\u00e4t zu erreichen.<\/p>\r\n<h2 class=\"wp-block-heading\"><strong>Virile Force Vorteile<\/strong><\/h2>\r\n<ul data-start=\"2716\" data-end=\"3039\">\r\n<li data-section-id=\"nkf0xf\" data-start=\"2716\" data-end=\"2751\">Kann die Intimleistung steigern<\/li>\r\n<li data-section-id=\"hie3x9\" data-start=\"2752\" data-end=\"2785\">Unterst\u00fctzt Energie und Fokus<\/li>\r\n<li data-section-id=\"1b4y6nx\" data-start=\"2786\" data-end=\"2819\">Hilft beim Testosteronspiegel<\/li>\r\n<li data-section-id=\"1ynkayu\" data-start=\"2820\" data-end=\"2850\">F\u00f6rdert besseren Blutfluss<\/li>\r\n<li data-section-id=\"1hoiqmp\" data-start=\"2851\" data-end=\"2885\">Unterst\u00fctzt Prostatagesundheit<\/li>\r\n<li data-section-id=\"1qt9zf4\" data-start=\"2886\" data-end=\"2915\">Kann f\u00fcr mehr Ruhe sorgen<\/li>\r\n<li data-section-id=\"1uuqips\" data-start=\"2916\" data-end=\"2944\">Steigert Selbstvertrauen<\/li>\r\n<li data-section-id=\"1rf3csy\" data-start=\"2945\" data-end=\"2981\">Unterst\u00fctzt k\u00f6rperliche Ausdauer<\/li>\r\n<li data-section-id=\"15lklnq\" data-start=\"2982\" data-end=\"3003\">F\u00f6rdert Vitalit\u00e4t<\/li>\r\n<li data-section-id=\"1rkiykp\" data-start=\"3004\" data-end=\"3039\">Hilft bei langfristiger Energie<\/li>\r\n<\/ul>\r\n<p data-start=\"118\" data-end=\"449\"><strong data-start=\"118\" data-end=\"158\">Wann sollte man Virile Force nutzen?<\/strong><br data-start=\"158\" data-end=\"161\" \/>Virile Force kann in verschiedenen Situationen hilfreich sein. M\u00e4nner, die weniger Energie haben, sich oft m\u00fcde f\u00fchlen oder eine geringere Libido bemerken, k\u00f6nnen davon profitieren. Es ist jedoch kein Wundermittel. Eine gesunde Ern\u00e4hrung, Bewegung und genug Schlaf bleiben sehr wichtig.<\/p>\r\n<p data-start=\"451\" data-end=\"485\"><strong data-start=\"451\" data-end=\"483\">M\u00f6gliche Anwendungsbereiche:<\/strong><\/p>\r\n<ul data-start=\"486\" data-end=\"977\">\r\n<li data-section-id=\"asgfgt\" data-start=\"486\" data-end=\"606\"><strong data-start=\"488\" data-end=\"518\">M\u00fcdigkeit und Ersch\u00f6pfung:<\/strong> Wenn Sie sich oft schlapp f\u00fchlen, kann Virile Force helfen, mehr Energie zu bekommen.<\/li>\r\n<li data-section-id=\"3e4js1\" data-start=\"607\" data-end=\"682\"><strong data-start=\"609\" data-end=\"628\">Geringe Libido:<\/strong> Es kann die Lust auf nat\u00fcrliche Weise unterst\u00fctzen.<\/li>\r\n<li data-section-id=\"1bwplhe\" data-start=\"683\" data-end=\"794\"><strong data-start=\"685\" data-end=\"707\">Leistungsprobleme:<\/strong> Bei Problemen mit Ausdauer oder Erektion kann es helfen, die Leistung zu verbessern.<\/li>\r\n<li data-section-id=\"12qgxb1\" data-start=\"795\" data-end=\"880\"><strong data-start=\"797\" data-end=\"819\">Sport und Fitness:<\/strong> Es kann die Ausdauer und Kraft beim Training unterst\u00fctzen.<\/li>\r\n<li data-section-id=\"j6hdlv\" data-start=\"881\" data-end=\"977\"><strong data-start=\"883\" data-end=\"912\">Allgemeines Wohlbefinden:<\/strong> Auch ohne konkrete Probleme kann es das Wohlbefinden steigern.<\/li>\r\n<\/ul>\r\n<p data-start=\"979\" data-end=\"1108\"><strong data-start=\"979\" data-end=\"1017\">F\u00fcr wen ist Virile Force geeignet?<\/strong><br data-start=\"1017\" data-end=\"1020\" \/>Virile Force ist f\u00fcr erwachsene M\u00e4nner gedacht, die ihre Vitalit\u00e4t verbessern m\u00f6chten.<\/p>\r\n<p data-start=\"1110\" data-end=\"1137\"><strong data-start=\"1110\" data-end=\"1135\">Typische Zielgruppen:<\/strong><\/p>\r\n<ul data-start=\"1138\" data-end=\"1567\">\r\n<li data-section-id=\"1oyylrf\" data-start=\"1138\" data-end=\"1212\"><strong data-start=\"1140\" data-end=\"1164\">M\u00e4nner ab 30 Jahren:<\/strong> In diesem Alter kann das Energielevel sinken.<\/li>\r\n<li data-section-id=\"10sjjc4\" data-start=\"1213\" data-end=\"1296\"><strong data-start=\"1215\" data-end=\"1233\">Aktive M\u00e4nner:<\/strong> Sportler k\u00f6nnen ihre Leistung und Regeneration unterst\u00fctzen.<\/li>\r\n<li data-section-id=\"qz8ymc\" data-start=\"1297\" data-end=\"1368\"><strong data-start=\"1299\" data-end=\"1321\">M\u00e4nner mit Stress:<\/strong> Stress kann Energie und Libido beeinflussen.<\/li>\r\n<li data-section-id=\"8i5ouh\" data-start=\"1369\" data-end=\"1462\"><strong data-start=\"1371\" data-end=\"1413\">M\u00e4nner mit gesundheitlichen Problemen:<\/strong> Nur nach R\u00fccksprache mit einem Arzt verwenden.<\/li>\r\n<li data-section-id=\"1lqm66j\" data-start=\"1463\" data-end=\"1567\"><strong data-start=\"1465\" data-end=\"1512\">M\u00e4nner, die nat\u00fcrliche Produkte bevorzugen:<\/strong> Ideal f\u00fcr alle, die keine chemischen Mittel m\u00f6chten.<\/li>\r\n<\/ul>\r\n<p data-start=\"158\" data-end=\"337\">Virile Force enth\u00e4lt mehrere Inhaltsstoffe, die zusammenarbeiten, um die m\u00e4nnliche Vitalit\u00e4t zu unterst\u00fctzen. Jeder Stoff hat eigene Vorteile f\u00fcr Energie, Libido und Gesundheit.<\/p>\r\n<p data-start=\"339\" data-end=\"381\"><strong data-start=\"339\" data-end=\"379\">Wichtige Inhaltsstoffe und Vorteile:<\/strong><\/p>\r\n<ul data-start=\"382\" data-end=\"1073\">\r\n<li data-section-id=\"slka31\" data-start=\"382\" data-end=\"547\"><strong data-start=\"384\" data-end=\"404\">Ginseng-Extrakt:<\/strong> Kann helfen, mehr Energie zu bekommen, die Libido zu steigern und die Konzentration zu verbessern. Au\u00dferdem kann es das Immunsystem st\u00e4rken.<\/li>\r\n<li data-section-id=\"zlnedq\" data-start=\"548\" data-end=\"677\"><strong data-start=\"550\" data-end=\"574\">Tribulus Terrestris:<\/strong> Wird oft genutzt, um den Testosteronspiegel zu unterst\u00fctzen und die sexuelle Funktion zu verbessern.<\/li>\r\n<li data-section-id=\"1hyfm02\" data-start=\"678\" data-end=\"759\"><strong data-start=\"680\" data-end=\"697\">Maca-Extrakt:<\/strong> Kann die Lust, Fruchtbarkeit und das Energieniveau erh\u00f6hen.<\/li>\r\n<li data-section-id=\"1238wor\" data-start=\"760\" data-end=\"848\"><strong data-start=\"762\" data-end=\"779\">Zinkgluconat:<\/strong> Wichtig f\u00fcr die Testosteronbildung und die Gesundheit des K\u00f6rpers.<\/li>\r\n<li data-section-id=\"17j4a0q\" data-start=\"849\" data-end=\"953\"><strong data-start=\"851\" data-end=\"867\">Vitamin B12:<\/strong> Unterst\u00fctzt die Energie, das Nervensystem und die Bildung von roten Blutk\u00f6rperchen.<\/li>\r\n<li data-section-id=\"1ur7h8j\" data-start=\"954\" data-end=\"1073\"><strong data-start=\"956\" data-end=\"983\">Selen (Natriumselenit):<\/strong> Wirkt als Antioxidans und kann die Spermienqualit\u00e4t sowie das Immunsystem unterst\u00fctzen.<\/li>\r\n<\/ul>\r\n<p data-start=\"1075\" data-end=\"1424\"><strong data-start=\"1075\" data-end=\"1107\">Erkl\u00e4rung der Inhaltsstoffe:<\/strong><br data-start=\"1107\" data-end=\"1110\" \/>Die Kombination dieser Stoffe soll den K\u00f6rper ganzheitlich unterst\u00fctzen. Ginseng hilft bei Stress und Energie. Tribulus und Maca k\u00f6nnen die Libido f\u00f6rdern. Zink spielt eine wichtige Rolle f\u00fcr Hormone. Vitamin B12 gibt Energie und Selen sch\u00fctzt die Zellen. Zusammen k\u00f6nnen sie helfen, die Vitalit\u00e4t zu verbessern.<\/p>\r\n<p data-start=\"118\" data-end=\"411\"><strong data-start=\"118\" data-end=\"155\">Wie wirkt Virile Force im K\u00f6rper?<\/strong><br data-start=\"155\" data-end=\"158\" \/>Virile Force unterst\u00fctzt den K\u00f6rper auf verschiedene Weise. Es hilft, das hormonelle Gleichgewicht zu verbessern, mehr Energie zu erzeugen und die allgemeine Leistung zu steigern. Die Inhaltsstoffe arbeiten zusammen, um bessere Ergebnisse zu erzielen.<\/p>\r\n<p data-start=\"413\" data-end=\"438\"><strong data-start=\"413\" data-end=\"436\">Wichtige Wirkungen:<\/strong><\/p>\r\n<ul data-start=\"439\" data-end=\"1122\">\r\n<li data-section-id=\"1niiddr\" data-start=\"439\" data-end=\"623\"><strong data-start=\"441\" data-end=\"471\">Testosteron-Unterst\u00fctzung:<\/strong> Stoffe wie Tribulus und Zink k\u00f6nnen die nat\u00fcrliche Produktion von Testosteron f\u00f6rdern. Dieses Hormon ist wichtig f\u00fcr Energie, Libido und Muskelkraft.<\/li>\r\n<li data-section-id=\"1ycxqr3\" data-start=\"624\" data-end=\"769\"><strong data-start=\"626\" data-end=\"643\">Mehr Energie:<\/strong> Ginseng und Vitamin B12 helfen dem K\u00f6rper, Nahrung in Energie umzuwandeln. Dadurch f\u00fchlt man sich aktiver und weniger m\u00fcde.<\/li>\r\n<li data-section-id=\"w8i7w8\" data-start=\"770\" data-end=\"931\"><strong data-start=\"772\" data-end=\"797\">Bessere Durchblutung:<\/strong> Einige Inhaltsstoffe k\u00f6nnen die Blutzirkulation verbessern. Das hilft den Muskeln und kann auch die sexuelle Leistung unterst\u00fctzen.<\/li>\r\n<li data-section-id=\"1vdaoir\" data-start=\"932\" data-end=\"1034\"><strong data-start=\"934\" data-end=\"956\">Schutz der Zellen:<\/strong> Selen wirkt als Antioxidans und sch\u00fctzt den K\u00f6rper vor sch\u00e4dlichen Stoffen.<\/li>\r\n<li data-section-id=\"gxcp6s\" data-start=\"1035\" data-end=\"1122\"><strong data-start=\"1037\" data-end=\"1066\">Unterst\u00fctzung der Nerven:<\/strong> Vitamin B12 hilft, das Nervensystem gesund zu halten.<\/li>\r\n<\/ul>\r\n<p data-start=\"1124\" data-end=\"1267\"><strong data-start=\"1124\" data-end=\"1151\">Anwendung und Dosierung<\/strong><br data-start=\"1151\" data-end=\"1154\" \/>Die genaue Dosierung steht auf der Verpackung. Wenn keine Angaben vorhanden sind, gelten allgemeine Richtwerte.<\/p>\r\n<ul data-start=\"1269\" data-end=\"1551\">\r\n<li data-section-id=\"kxchz8\" data-start=\"1269\" data-end=\"1321\"><strong data-start=\"1271\" data-end=\"1292\">Empfohlene Menge:<\/strong> Meist 1\u20132 Kapseln pro Tag.<\/li>\r\n<li data-section-id=\"1svg3i2\" data-start=\"1322\" data-end=\"1373\"><strong data-start=\"1324\" data-end=\"1337\">Einnahme:<\/strong> Mit ausreichend Wasser einnehmen.<\/li>\r\n<li data-section-id=\"1dg0idp\" data-start=\"1374\" data-end=\"1467\"><strong data-start=\"1376\" data-end=\"1390\">Zeitpunkt:<\/strong> Morgens f\u00fcr mehr Energie oder je nach Bedarf vor dem Training oder abends.<\/li>\r\n<li data-section-id=\"fogubz\" data-start=\"1468\" data-end=\"1551\"><strong data-start=\"1470\" data-end=\"1480\">Dauer:<\/strong> \u00dcber mehrere Wochen einnehmen. Danach kann eine Pause sinnvoll sein.<\/li>\r\n<\/ul>\r\n<p data-start=\"118\" data-end=\"176\"><strong data-start=\"118\" data-end=\"174\">Vorsichtsma\u00dfnahmen, Gegenanzeigen und Nebenwirkungen<\/strong><\/p>\r\n<p data-start=\"178\" data-end=\"274\">Auch wenn Virile Force nat\u00fcrliche Inhaltsstoffe enth\u00e4lt, sollten einige Dinge beachtet werden.<\/p>\r\n<p data-start=\"276\" data-end=\"300\"><strong data-start=\"276\" data-end=\"298\">Wichtige Hinweise:<\/strong><\/p>\r\n<ul data-start=\"301\" data-end=\"708\">\r\n<li data-section-id=\"11xnihs\" data-start=\"301\" data-end=\"474\"><strong data-start=\"303\" data-end=\"319\">Arzt fragen:<\/strong> Sprechen Sie mit Ihrem Arzt, besonders wenn Sie krank sind oder Medikamente nehmen. Das gilt vor allem bei Herzproblemen, hohem Blutdruck oder Diabetes.<\/li>\r\n<li data-section-id=\"23jemf\" data-start=\"475\" data-end=\"561\"><strong data-start=\"477\" data-end=\"498\">Allergien pr\u00fcfen:<\/strong> Lesen Sie die Zutatenliste genau, um Allergien zu vermeiden.<\/li>\r\n<li data-section-id=\"fap7sr\" data-start=\"562\" data-end=\"627\"><strong data-start=\"564\" data-end=\"585\">Nicht f\u00fcr Frauen:<\/strong> Das Produkt ist nur f\u00fcr M\u00e4nner gedacht.<\/li>\r\n<li data-section-id=\"1eh0tw0\" data-start=\"628\" data-end=\"708\"><strong data-start=\"630\" data-end=\"646\">Medikamente:<\/strong> Es kann Wechselwirkungen geben. Informieren Sie Ihren Arzt.<\/li>\r\n<\/ul>\r\n<p data-start=\"710\" data-end=\"748\"><strong data-start=\"710\" data-end=\"746\">Wann sollte man es nicht nehmen?<\/strong><\/p>\r\n<ul data-start=\"749\" data-end=\"867\">\r\n<li data-section-id=\"19h5iun\" data-start=\"749\" data-end=\"797\">Bei bekannten Allergien gegen Inhaltsstoffe.<\/li>\r\n<li data-section-id=\"4q19c0\" data-start=\"798\" data-end=\"867\">Bei hormonabh\u00e4ngigen Krankheiten nur nach \u00e4rztlicher R\u00fccksprache.<\/li>\r\n<\/ul>\r\n<p data-start=\"869\" data-end=\"899\"><strong data-start=\"869\" data-end=\"897\">M\u00f6gliche Nebenwirkungen:<\/strong><\/p>\r\n<ul data-start=\"900\" data-end=\"1110\">\r\n<li data-section-id=\"41axbu\" data-start=\"900\" data-end=\"955\">Magenprobleme wie \u00dcbelkeit oder Bl\u00e4hungen (selten).<\/li>\r\n<li data-section-id=\"gfkz2k\" data-start=\"956\" data-end=\"989\">Schlafprobleme durch Ginseng.<\/li>\r\n<li data-section-id=\"tyfx6o\" data-start=\"990\" data-end=\"1049\">Allergische Reaktionen wie Hautausschlag oder Juckreiz.<\/li>\r\n<li data-section-id=\"1eq21xw\" data-start=\"1050\" data-end=\"1110\">Eventuell erh\u00f6hter Blutdruck bei empfindlichen Personen.<\/li>\r\n<\/ul>\r\n<p data-start=\"1112\" data-end=\"1206\">Wenn Nebenwirkungen auftreten, sollten Sie die Einnahme stoppen und einen Arzt kontaktieren.<\/p>\r\n<hr data-start=\"1208\" data-end=\"1211\" \/>\r\n<p data-start=\"1213\" data-end=\"1250\"><strong data-start=\"1213\" data-end=\"1248\">Welche Ergebnisse sind m\u00f6glich?<\/strong><\/p>\r\n<p data-start=\"1252\" data-end=\"1360\">Die Wirkung kann bei jedem anders sein. Sie h\u00e4ngt von Gesundheit, Lebensstil und regelm\u00e4\u00dfiger Einnahme ab.<\/p>\r\n<p data-start=\"1362\" data-end=\"1386\"><strong data-start=\"1362\" data-end=\"1384\">M\u00f6gliche Vorteile:<\/strong><\/p>\r\n<ul data-start=\"1387\" data-end=\"1560\">\r\n<li data-section-id=\"1s8wud3\" data-start=\"1387\" data-end=\"1424\">Mehr Lust und sexuelles Interesse<\/li>\r\n<li data-section-id=\"184ha4j\" data-start=\"1425\" data-end=\"1468\">Bessere Erektionsf\u00e4higkeit und Ausdauer<\/li>\r\n<li data-section-id=\"sg1n8e\" data-start=\"1469\" data-end=\"1493\">H\u00f6heres Energielevel<\/li>\r\n<li data-section-id=\"1d5yyp1\" data-start=\"1494\" data-end=\"1526\">Bessere k\u00f6rperliche Leistung<\/li>\r\n<li data-section-id=\"86x3ed\" data-start=\"1527\" data-end=\"1560\">Mehr allgemeines Wohlbefinden<\/li>\r\n<\/ul>\r\n<p data-start=\"1562\" data-end=\"1712\"><strong data-start=\"1562\" data-end=\"1592\">Wann sieht man Ergebnisse?<\/strong><br data-start=\"1592\" data-end=\"1595\" \/>Erste Effekte k\u00f6nnen nach einigen Wochen auftreten. F\u00fcr bessere Ergebnisse sollte man das Produkt l\u00e4nger einnehmen.<\/p>\r\n<p data-start=\"1714\" data-end=\"1865\"><strong data-start=\"1714\" data-end=\"1739\">Langfristige Wirkung:<\/strong><br data-start=\"1739\" data-end=\"1742\" \/>Bei regelm\u00e4\u00dfiger Nutzung und einem gesunden Lebensstil kann Virile Force helfen, die Vitalit\u00e4t langfristig zu verbessern.<\/p>\r\n<p data-start=\"118\" data-end=\"170\"><strong data-start=\"118\" data-end=\"168\">Nutzerfeedback und Bewertungen zu Virile Force<\/strong><\/p>\r\n<p data-start=\"172\" data-end=\"267\">Da es keine offiziellen Bewertungen gibt, basieren diese Erfahrungen auf \u00e4hnlichen Produkten:<\/p>\r\n<ul data-start=\"269\" data-end=\"769\">\r\n<li data-section-id=\"1tpnkac\" data-start=\"269\" data-end=\"403\"><strong data-start=\"271\" data-end=\"298\">Markus, 45 Jahre (4\/5):<\/strong> \u201eIch nehme Virile Force seit einem Monat. Ich habe mehr Energie und meine Libido ist besser geworden.\u201c<\/li>\r\n<li data-section-id=\"1h6hpmq\" data-start=\"404\" data-end=\"547\"><strong data-start=\"406\" data-end=\"433\">Thomas, 52 Jahre (5\/5):<\/strong> \u201eAm Anfang war ich unsicher, aber das Produkt hat mich \u00fcberzeugt. Meine Leistung hat sich deutlich verbessert.\u201c<\/li>\r\n<li data-section-id=\"gipixx\" data-start=\"548\" data-end=\"665\"><strong data-start=\"550\" data-end=\"577\">Stefan, 38 Jahre (3\/5):<\/strong> \u201eIch f\u00fchle mich etwas fitter, aber die Wirkung ist eher leicht. Ich teste es weiter.\u201c<\/li>\r\n<li data-section-id=\"ap8fko\" data-start=\"666\" data-end=\"769\"><strong data-start=\"668\" data-end=\"696\">Andreas, 60 Jahre (4\/5):<\/strong> \u201eIch habe wieder mehr Energie und Lust. F\u00fcr mich funktioniert es gut.\u201c<\/li>\r\n<\/ul>\r\n<p data-start=\"771\" data-end=\"802\"><strong data-start=\"771\" data-end=\"800\">H\u00e4ufig genannte Vorteile:<\/strong><\/p>\r\n<ul data-start=\"803\" data-end=\"918\">\r\n<li data-section-id=\"u6dwfz\" data-start=\"803\" data-end=\"818\">Mehr Libido<\/li>\r\n<li data-section-id=\"bi1xdo\" data-start=\"819\" data-end=\"849\">Bessere Erektionsf\u00e4higkeit<\/li>\r\n<li data-section-id=\"sg1n8e\" data-start=\"850\" data-end=\"874\">H\u00f6heres Energielevel<\/li>\r\n<li data-section-id=\"1igw67u\" data-start=\"875\" data-end=\"892\">Mehr Ausdauer<\/li>\r\n<li data-section-id=\"1iafqnv\" data-start=\"893\" data-end=\"918\">Besseres Wohlbefinden<\/li>\r\n<\/ul>\r\n<hr data-start=\"920\" data-end=\"923\" \/>\r\n<p data-start=\"925\" data-end=\"963\"><strong data-start=\"925\" data-end=\"961\">Wo kann man Virile Force kaufen?<\/strong><\/p>\r\n<p data-start=\"965\" data-end=\"1093\">Virile Force ist <strong data-start=\"982\" data-end=\"1015\">nicht in Apotheken erh\u00e4ltlich<\/strong>.<br data-start=\"1016\" data-end=\"1019\" \/>Das Produkt gibt es nur auf der <strong data-start=\"1051\" data-end=\"1090\">offiziellen Website des Herstellers<\/strong>.<\/p>\r\n<ul data-start=\"1095\" data-end=\"1215\">\r\n<li data-section-id=\"1t6luqk\" data-start=\"1095\" data-end=\"1141\">Aktueller Preis: ca. <strong data-start=\"1118\" data-end=\"1139\">69 \u20ac (statt 79 \u20ac)<\/strong><\/li>\r\n<li data-section-id=\"z50wkt\" data-start=\"1142\" data-end=\"1215\">Kaufen Sie nur auf der offiziellen Seite, um F\u00e4lschungen zu vermeiden<\/li>\r\n<\/ul>\r\n<hr data-start=\"1217\" data-end=\"1220\" \/>\r\n<p data-start=\"1222\" data-end=\"1257\"><strong data-start=\"1222\" data-end=\"1255\">Aufbewahrung von Virile Force<\/strong><\/p>\r\n<p data-start=\"1259\" data-end=\"1334\">Damit das Produkt wirksam bleibt, sollten Sie folgende Hinweise beachten:<\/p>\r\n<p data-start=\"1336\" data-end=\"1351\"><strong data-start=\"1336\" data-end=\"1349\">Lagerung:<\/strong><\/p>\r\n<ul data-start=\"1352\" data-end=\"1496\">\r\n<li data-section-id=\"1vxyu7x\" data-start=\"1352\" data-end=\"1379\">K\u00fchl und trocken lagern<\/li>\r\n<li data-section-id=\"o93hzi\" data-start=\"1380\" data-end=\"1412\">Vor Sonne und Hitze sch\u00fctzen<\/li>\r\n<li data-section-id=\"16cexs\" data-start=\"1413\" data-end=\"1448\">Nicht im Badezimmer aufbewahren<\/li>\r\n<li data-section-id=\"3vlgyy\" data-start=\"1449\" data-end=\"1496\">Au\u00dferhalb der Reichweite von Kindern lagern<\/li>\r\n<\/ul>\r\n<p data-start=\"1498\" data-end=\"1522\"><strong data-start=\"1498\" data-end=\"1520\">Wichtige Hinweise:<\/strong><\/p>\r\n<ul data-start=\"1523\" data-end=\"1616\">\r\n<li data-section-id=\"9e8wzf\" data-start=\"1523\" data-end=\"1578\">Nicht verwenden, wenn die Verpackung besch\u00e4digt ist<\/li>\r\n<li data-section-id=\"1u6x702\" data-start=\"1579\" data-end=\"1616\">Nicht nach dem Ablaufdatum nutzen<\/li>\r\n<\/ul>\r\n<p data-start=\"819\" data-end=\"865\"><strong data-start=\"819\" data-end=\"865\">FAQ \u2013 Fragen und Antworten zu Virile Force<\/strong><\/p>\r\n<p data-start=\"867\" data-end=\"1014\"><strong data-start=\"867\" data-end=\"906\">Wie schnell zeigt sich die Wirkung?<\/strong><br data-start=\"906\" data-end=\"909\" \/>Erste Effekte k\u00f6nnen nach einigen Wochen auftreten. Regelm\u00e4\u00dfige Einnahme ist wichtig f\u00fcr gute Ergebnisse.<\/p>\r\n<p data-start=\"1016\" data-end=\"1142\"><strong data-start=\"1016\" data-end=\"1067\">Kann ich Virile Force mit Training kombinieren?<\/strong><br data-start=\"1067\" data-end=\"1070\" \/>Ja, es kann helfen, die k\u00f6rperliche Leistung und Ausdauer zu verbessern.<\/p>\r\n<p data-start=\"1144\" data-end=\"1275\"><strong data-start=\"1144\" data-end=\"1189\">Gibt es Einschr\u00e4nkungen bei Medikamenten?<\/strong><br data-start=\"1189\" data-end=\"1192\" \/>Bei gleichzeitiger Einnahme von Medikamenten sollte ein Arzt um Rat gefragt werden.<\/p>\r\n<p data-start=\"1277\" data-end=\"1375\"><strong data-start=\"1277\" data-end=\"1319\">Wie oft sollte ich die Kapseln nehmen?<\/strong><br data-start=\"1319\" data-end=\"1322\" \/>Die \u00fcbliche Empfehlung liegt bei 1\u20132 Kapseln pro Tag.<\/p>\r\n<p data-start=\"1377\" data-end=\"1548\"><strong data-start=\"1377\" data-end=\"1422\">Ist das Produkt f\u00fcr alle M\u00e4nner geeignet?<\/strong><br data-start=\"1422\" data-end=\"1425\" \/>Es ist f\u00fcr erwachsene M\u00e4nner gedacht, die ihre Gesundheit und Leistungsf\u00e4higkeit auf nat\u00fcrliche Weise unterst\u00fctzen m\u00f6chten.<\/p>\r\n<p data-start=\"118\" data-end=\"165\"><strong data-start=\"118\" data-end=\"163\">Unser medizinisches Fazit zu Virile Force<\/strong><\/p>\r\n<p data-start=\"167\" data-end=\"311\">Als Apotheker geben wir eine neutrale Bewertung zu Virile Force. Diese basiert auf den bekannten Inhaltsstoffen und deren m\u00f6glichen Wirkungen.<\/p>\r\n<p data-start=\"313\" data-end=\"327\"><strong data-start=\"313\" data-end=\"325\">St\u00e4rken:<\/strong><\/p>\r\n<ul data-start=\"328\" data-end=\"650\">\r\n<li data-section-id=\"1i5mg6h\" data-start=\"328\" data-end=\"449\"><strong data-start=\"330\" data-end=\"359\">Nat\u00fcrliche Inhaltsstoffe:<\/strong> Das Produkt enth\u00e4lt pflanzliche Stoffe, die oft f\u00fcr m\u00e4nnliche Vitalit\u00e4t genutzt werden.<\/li>\r\n<li data-section-id=\"ksjvqx\" data-start=\"450\" data-end=\"543\"><strong data-start=\"452\" data-end=\"473\">Gute Kombination:<\/strong> Die Inhaltsstoffe sind so gew\u00e4hlt, dass sie zusammen wirken k\u00f6nnen.<\/li>\r\n<li data-section-id=\"8ao8o5\" data-start=\"544\" data-end=\"650\"><strong data-start=\"546\" data-end=\"568\">M\u00f6gliche Vorteile:<\/strong> Kann die Libido unterst\u00fctzen, die Energie steigern und die Leistung verbessern.<\/li>\r\n<\/ul>\r\n<p data-start=\"652\" data-end=\"674\"><strong data-start=\"652\" data-end=\"672\">Einschr\u00e4nkungen:<\/strong><\/p>\r\n<ul data-start=\"675\" data-end=\"910\">\r\n<li data-section-id=\"4g2y9\" data-start=\"675\" data-end=\"760\"><strong data-start=\"677\" data-end=\"704\">Keine direkten Studien:<\/strong> Es gibt keine speziellen Studien nur zu Virile Force.<\/li>\r\n<li data-section-id=\"13d8q2s\" data-start=\"761\" data-end=\"824\"><strong data-start=\"763\" data-end=\"792\">Unterschiedliche Wirkung:<\/strong> Jeder K\u00f6rper reagiert anders.<\/li>\r\n<li data-section-id=\"1sxufuf\" data-start=\"825\" data-end=\"910\"><strong data-start=\"827\" data-end=\"855\">Nicht f\u00fcr alle geeignet:<\/strong> Vor der Einnahme sollte man mit einem Arzt sprechen.<\/li>\r\n<\/ul>\r\n<p data-start=\"912\" data-end=\"1212\"><strong data-start=\"912\" data-end=\"934\">Unsere Empfehlung:<\/strong><br data-start=\"934\" data-end=\"937\" \/>Virile Force kann eine sinnvolle Erg\u00e4nzung sein, wenn man seine Vitalit\u00e4t verbessern m\u00f6chte. Es ist aber kein Ersatz f\u00fcr einen gesunden Lebensstil. Ern\u00e4hrung, Bewegung und Schlaf bleiben sehr wichtig. Bei gesundheitlichen Problemen sollte immer ein Arzt konsultiert werden.<\/p>\r\n<p data-start=\"1208\" data-end=\"1732\"><\/p>\r\n<a href=\"https:\/\/www.premierdiscountlink.com\/3Q3GGQ7\/H9LTB5H\/?sub1=dr-m-peters\" target=\"_blank\" rel=\"noopener\"><div style=\"position:fixed; bottom:0; left:0; width:100%; background:#0011AD; color:#fff; padding:12px 14px; border-top:1px solid #333; box-shadow:0 -4px 15px rgba(0,0,0,0.25); z-index:9999; font-family:Arial,sans-serif;\">\r\n<div style=\"display:flex; align-items:center; justify-content:center; gap:12px;\">\r\n<!-- Text -->\r\n<div style=\"text-align:center;\">\r\n<div style=\"font-size:18px; font-weight:700;\">\r\nVirile Force \u2013 Jetzt sparen!! \r\n<\/div>\r\n<div style=\"font-size:15px; color:#ccc;\">\r\nExklusiv: 75 % Rabatt\r\n<\/div>\r\n<\/div>\r\n<!-- Button (nach dem Text) -->\r\n<span style=\"background:#ffd700; color:#111; text-decoration:none; padding:10px 14px; border-radius:8px; font-size:22px; font-weight:700; white-space:nowrap;\">\r\nAngebot ansehen\r\n<\/span>\r\n<\/div>\r\n<\/div><\/a>","protected":false},"excerpt":{"rendered":"<p>Virile Force Bewertungen\u00a0 Virile Force ist ein Nahrungserg\u00e4nzungsmittel in Form von Kapseln f\u00fcr M\u00e4nner. Es unterst\u00fctzt die sexuelle Gesundheit und das allgemeine Wohlbefinden. Das Produkt kann den Testosteronspiegel auf nat\u00fcrliche Weise f\u00f6rdern. Es hilft auch, die Libido zu steigern und die Durchblutung zu verbessern. Viele Anwender f\u00fchlen sich dadurch energiereicher im Alltag. Zudem kann es &#8230; <a title=\"Virile Force Bewertungen {Warnungen}: Erfahrungen, Nebenwirkungen \u2013 Wirkt es?\" class=\"read-more\" href=\"https:\/\/dr-m-peters.de\/apotheke\/product\/virile-force-bewertungen-warnungen-erfahrungen-nebenwirkungen-wirkt-es\/\" aria-label=\"Mehr Informationen \u00fcber Virile Force Bewertungen {Warnungen}: Erfahrungen, Nebenwirkungen \u2013 Wirkt es?\">Weiterlesen<\/a><\/p>\n","protected":false},"featured_media":173,"comment_status":"open","ping_status":"closed","template":"","meta":[],"product_brand":[],"product_cat":[18],"product_tag":[],"class_list":{"0":"post-172","1":"product","2":"type-product","3":"status-publish","4":"has-post-thumbnail","6":"product_cat-maennergesundheit","8":"first","9":"instock","10":"sale","11":"shipping-taxable","12":"product-type-external"},"_links":{"self":[{"href":"https:\/\/dr-m-peters.de\/apotheke\/wp-json\/wp\/v2\/product\/172","targetHints":{"allow":["GET"]}}],"collection":[{"href":"https:\/\/dr-m-peters.de\/apotheke\/wp-json\/wp\/v2\/product"}],"about":[{"href":"https:\/\/dr-m-peters.de\/apotheke\/wp-json\/wp\/v2\/types\/product"}],"replies":[{"embeddable":true,"href":"https:\/\/dr-m-peters.de\/apotheke\/wp-json\/wp\/v2\/comments?post=172"}],"wp:featuredmedia":[{"embeddable":true,"href":"https:\/\/dr-m-peters.de\/apotheke\/wp-json\/wp\/v2\/media\/173"}],"wp:attachment":[{"href":"https:\/\/dr-m-peters.de\/apotheke\/wp-json\/wp\/v2\/media?parent=172"}],"wp:term":[{"taxonomy":"product_brand","embeddable":true,"href":"https:\/\/dr-m-peters.de\/apotheke\/wp-json\/wp\/v2\/product_brand?post=172"},{"taxonomy":"product_cat","embeddable":true,"href":"https:\/\/dr-m-peters.de\/apotheke\/wp-json\/wp\/v2\/product_cat?post=172"},{"taxonomy":"product_tag","embeddable":true,"href":"https:\/\/dr-m-peters.de\/apotheke\/wp-json\/wp\/v2\/product_tag?post=172"}],"curies":[{"name":"wp","href":"https:\/\/api.w.org\/{rel}","templated":true}]}}